{"id":9,"date":"2019-03-06T15:20:22","date_gmt":"2019-03-06T15:20:22","guid":{"rendered":"https:\/\/themes.muffingroup.com\/be\/mountainguide\/?page_id=9"},"modified":"2021-03-03T18:15:49","modified_gmt":"2021-03-03T18:15:49","slug":"inicio","status":"publish","type":"page","link":"https:\/\/kawsayballoons.com\/en\/","title":{"rendered":"Inicio"},"content":{"rendered":"","protected":false},"excerpt":{"rendered":"","protected":false},"author":1,"featured_media":0,"parent":0,"menu_order":0,"comment_status":"closed","ping_status":"closed","template":"","meta":[],"yoast_head":"<!-- This site is optimized with the Yoast SEO plugin v16.6 - https:\/\/yoast.com\/wordpress\/plugins\/seo\/ -->\n<title>Vuelo en globo aerost\u00e1tico en Ecuador | KawsayBalloons<\/title>\n<meta name=\"description\" content=\"Una experiencia inolvidable en globo aerost\u00e1tico en Ecuador. La \u00fanica operadora de turismo en globo en el pa\u00eds. \u00a1Volamos en todo el pa\u00eds!\" \/>\n<meta name=\"robots\" content=\"index, follow, max-snippet:-1, max-image-preview:large, max-video-preview:-1\" \/>\n<link rel=\"canonical\" href=\"https:\/\/kawsayballoons.com\/en\/\" \/>\n<meta property=\"og:locale\" content=\"en_US\" \/>\n<meta property=\"og:type\" content=\"article\" \/>\n<meta property=\"og:title\" content=\"Vuelo en globo aerost\u00e1tico en Ecuador | KawsayBalloons\" \/>\n<meta property=\"og:description\" content=\"Una experiencia inolvidable en globo aerost\u00e1tico en Ecuador. La \u00fanica operadora de turismo en globo en el pa\u00eds. \u00a1Volamos en todo el pa\u00eds!\" \/>\n<meta property=\"og:url\" content=\"https:\/\/kawsayballoons.com\/en\/\" \/>\n<meta property=\"og:site_name\" content=\"KawsayBalloons\" \/>\n<meta property=\"article:publisher\" content=\"https:\/\/www.facebook.com\/kawsayballoons\" \/>\n<meta property=\"article:modified_time\" content=\"2021-03-03T18:15:49+00:00\" \/>\n<meta name=\"twitter:card\" content=\"summary_large_image\" \/>\n<script type=\"application\/ld+json\" class=\"yoast-schema-graph\">{\"@context\":\"https:\/\/schema.org\",\"@graph\":[{\"@type\":\"Organization\",\"@id\":\"https:\/\/kawsayballoons.com\/#organization\",\"name\":\"Kawsay Balloons\",\"url\":\"https:\/\/kawsayballoons.com\/\",\"sameAs\":[\"https:\/\/www.facebook.com\/kawsayballoons\",\"https:\/\/www.instagram.com\/kawsayballoons\/\",\"https:\/\/www.linkedin.com\/company\/kawsayballoons\/\"],\"logo\":{\"@type\":\"ImageObject\",\"@id\":\"https:\/\/kawsayballoons.com\/#logo\",\"inLanguage\":\"en-US\",\"url\":\"https:\/\/kawsayballoons.com\/wp-content\/uploads\/2020\/02\/Isotipo_KawsayBalloons.png\",\"contentUrl\":\"https:\/\/kawsayballoons.com\/wp-content\/uploads\/2020\/02\/Isotipo_KawsayBalloons.png\",\"width\":180,\"height\":180,\"caption\":\"Kawsay Balloons\"},\"image\":{\"@id\":\"https:\/\/kawsayballoons.com\/#logo\"}},{\"@type\":\"WebSite\",\"@id\":\"https:\/\/kawsayballoons.com\/#website\",\"url\":\"https:\/\/kawsayballoons.com\/\",\"name\":\"KawsayBalloons\",\"description\":\"Vuelos en globo aerost\\u00e1tico en Ecuador\",\"publisher\":{\"@id\":\"https:\/\/kawsayballoons.com\/#organization\"},\"potentialAction\":[{\"@type\":\"SearchAction\",\"target\":{\"@type\":\"EntryPoint\",\"urlTemplate\":\"https:\/\/kawsayballoons.com\/?s={search_term_string}\"},\"query-input\":\"required name=search_term_string\"}],\"inLanguage\":\"en-US\"},{\"@type\":\"WebPage\",\"@id\":\"https:\/\/kawsayballoons.com\/#webpage\",\"url\":\"https:\/\/kawsayballoons.com\/\",\"name\":\"Vuelo en globo aerost\\u00e1tico en Ecuador | KawsayBalloons\",\"isPartOf\":{\"@id\":\"https:\/\/kawsayballoons.com\/#website\"},\"datePublished\":\"2019-03-06T15:20:22+00:00\",\"dateModified\":\"2021-03-03T18:15:49+00:00\",\"description\":\"Una experiencia inolvidable en globo aerost\\u00e1tico en Ecuador. La \\u00fanica operadora de turismo en globo en el pa\\u00eds. \\u00a1Volamos en todo el pa\\u00eds!\",\"breadcrumb\":{\"@id\":\"https:\/\/kawsayballoons.com\/#breadcrumb\"},\"inLanguage\":\"en-US\",\"potentialAction\":[{\"@type\":\"ReadAction\",\"target\":[\"https:\/\/kawsayballoons.com\/\"]}]},{\"@type\":\"BreadcrumbList\",\"@id\":\"https:\/\/kawsayballoons.com\/#breadcrumb\",\"itemListElement\":[{\"@type\":\"ListItem\",\"position\":1,\"name\":\"Portada\",\"item\":\"https:\/\/kawsayballoons.com\/\"},{\"@type\":\"ListItem\",\"position\":2,\"name\":\"Inicio\"}]}]}<\/script>\n<!-- \/ Yoast SEO plugin. -->","_links":{"self":[{"href":"https:\/\/kawsayballoons.com\/en\/wp-json\/wp\/v2\/pages\/9"}],"collection":[{"href":"https:\/\/kawsayballoons.com\/en\/wp-json\/wp\/v2\/pages"}],"about":[{"href":"https:\/\/kawsayballoons.com\/en\/wp-json\/wp\/v2\/types\/page"}],"author":[{"embeddable":true,"href":"https:\/\/kawsayballoons.com\/en\/wp-json\/wp\/v2\/users\/1"}],"replies":[{"embeddable":true,"href":"https:\/\/kawsayballoons.com\/en\/wp-json\/wp\/v2\/comments?post=9"}],"version-history":[{"count":2,"href":"https:\/\/kawsayballoons.com\/en\/wp-json\/wp\/v2\/pages\/9\/revisions"}],"predecessor-version":[{"id":227,"href":"https:\/\/kawsayballoons.com\/en\/wp-json\/wp\/v2\/pages\/9\/revisions\/227"}],"wp:attachment":[{"href":"https:\/\/kawsayballoons.com\/en\/wp-json\/wp\/v2\/media?parent=9"}],"curies":[{"name":"wp","href":"https:\/\/api.w.org\/{rel}","templated":true}]}}