{"id":367,"date":"2020-04-20T17:38:37","date_gmt":"2020-04-20T17:38:37","guid":{"rendered":"https:\/\/kawsayballoons.com\/?page_id=367"},"modified":"2021-06-28T19:39:03","modified_gmt":"2021-06-28T19:39:03","slug":"galeria","status":"publish","type":"page","link":"https:\/\/kawsayballoons.com\/en\/galeria\/","title":{"rendered":"Gallery"},"content":{"rendered":"","protected":false},"excerpt":{"rendered":"","protected":false},"author":1,"featured_media":0,"parent":0,"menu_order":0,"comment_status":"closed","ping_status":"closed","template":"","meta":[],"yoast_head":"<!-- This site is optimized with the Yoast SEO plugin v16.6 - https:\/\/yoast.com\/wordpress\/plugins\/seo\/ -->\n<title>Fotos y videos de vuelo en globo aerost\u00e1tico en Ecuador<\/title>\n<meta name=\"description\" content=\"Im\u00e1genes de vuelo en globo en Ecuador. Mira la experiencia de turistas y empresas que han volado en globo aerost\u00e1tico con Kawsay Balloons en todo el pa\u00eds.\" \/>\n<meta name=\"robots\" content=\"index, follow, max-snippet:-1, max-image-preview:large, max-video-preview:-1\" \/>\n<link rel=\"canonical\" href=\"https:\/\/kawsayballoons.com\/en\/galeria\/\" \/>\n<meta property=\"og:locale\" content=\"en_US\" \/>\n<meta property=\"og:type\" content=\"article\" \/>\n<meta property=\"og:title\" content=\"Fotos y videos de vuelo en globo aerost\u00e1tico en Ecuador\" \/>\n<meta property=\"og:description\" content=\"Im\u00e1genes de vuelo en globo en Ecuador. Mira la experiencia de turistas y empresas que han volado en globo aerost\u00e1tico con Kawsay Balloons en todo el pa\u00eds.\" \/>\n<meta property=\"og:url\" content=\"https:\/\/kawsayballoons.com\/en\/galeria\/\" \/>\n<meta property=\"og:site_name\" content=\"KawsayBalloons\" \/>\n<meta property=\"article:publisher\" content=\"https:\/\/www.facebook.com\/kawsayballoons\" \/>\n<meta property=\"article:modified_time\" content=\"2021-06-28T19:39:03+00:00\" \/>\n<meta name=\"twitter:card\" content=\"summary_large_image\" \/>\n<script type=\"application\/ld+json\" class=\"yoast-schema-graph\">{\"@context\":\"https:\/\/schema.org\",\"@graph\":[{\"@type\":\"Organization\",\"@id\":\"https:\/\/kawsayballoons.com\/#organization\",\"name\":\"Kawsay Balloons\",\"url\":\"https:\/\/kawsayballoons.com\/\",\"sameAs\":[\"https:\/\/www.facebook.com\/kawsayballoons\",\"https:\/\/www.instagram.com\/kawsayballoons\/\",\"https:\/\/www.linkedin.com\/company\/kawsayballoons\/\"],\"logo\":{\"@type\":\"ImageObject\",\"@id\":\"https:\/\/kawsayballoons.com\/#logo\",\"inLanguage\":\"en-US\",\"url\":\"https:\/\/kawsayballoons.com\/wp-content\/uploads\/2020\/02\/Isotipo_KawsayBalloons.png\",\"contentUrl\":\"https:\/\/kawsayballoons.com\/wp-content\/uploads\/2020\/02\/Isotipo_KawsayBalloons.png\",\"width\":180,\"height\":180,\"caption\":\"Kawsay Balloons\"},\"image\":{\"@id\":\"https:\/\/kawsayballoons.com\/#logo\"}},{\"@type\":\"WebSite\",\"@id\":\"https:\/\/kawsayballoons.com\/#website\",\"url\":\"https:\/\/kawsayballoons.com\/\",\"name\":\"KawsayBalloons\",\"description\":\"Vuelos en globo aerost\\u00e1tico en Ecuador\",\"publisher\":{\"@id\":\"https:\/\/kawsayballoons.com\/#organization\"},\"potentialAction\":[{\"@type\":\"SearchAction\",\"target\":{\"@type\":\"EntryPoint\",\"urlTemplate\":\"https:\/\/kawsayballoons.com\/?s={search_term_string}\"},\"query-input\":\"required name=search_term_string\"}],\"inLanguage\":\"en-US\"},{\"@type\":\"WebPage\",\"@id\":\"https:\/\/kawsayballoons.com\/galeria\/#webpage\",\"url\":\"https:\/\/kawsayballoons.com\/galeria\/\",\"name\":\"Fotos y videos de vuelo en globo aerost\\u00e1tico en Ecuador\",\"isPartOf\":{\"@id\":\"https:\/\/kawsayballoons.com\/#website\"},\"datePublished\":\"2020-04-20T17:38:37+00:00\",\"dateModified\":\"2021-06-28T19:39:03+00:00\",\"description\":\"Im\\u00e1genes de vuelo en globo en Ecuador. Mira la experiencia de turistas y empresas que han volado en globo aerost\\u00e1tico con Kawsay Balloons en todo el pa\\u00eds.\",\"breadcrumb\":{\"@id\":\"https:\/\/kawsayballoons.com\/galeria\/#breadcrumb\"},\"inLanguage\":\"en-US\",\"potentialAction\":[{\"@type\":\"ReadAction\",\"target\":[\"https:\/\/kawsayballoons.com\/galeria\/\"]}]},{\"@type\":\"BreadcrumbList\",\"@id\":\"https:\/\/kawsayballoons.com\/galeria\/#breadcrumb\",\"itemListElement\":[{\"@type\":\"ListItem\",\"position\":1,\"name\":\"Portada\",\"item\":\"https:\/\/kawsayballoons.com\/\"},{\"@type\":\"ListItem\",\"position\":2,\"name\":\"Galer\\u00eda\"}]}]}<\/script>\n<!-- \/ Yoast SEO plugin. -->","_links":{"self":[{"href":"https:\/\/kawsayballoons.com\/en\/wp-json\/wp\/v2\/pages\/367"}],"collection":[{"href":"https:\/\/kawsayballoons.com\/en\/wp-json\/wp\/v2\/pages"}],"about":[{"href":"https:\/\/kawsayballoons.com\/en\/wp-json\/wp\/v2\/types\/page"}],"author":[{"embeddable":true,"href":"https:\/\/kawsayballoons.com\/en\/wp-json\/wp\/v2\/users\/1"}],"replies":[{"embeddable":true,"href":"https:\/\/kawsayballoons.com\/en\/wp-json\/wp\/v2\/comments?post=367"}],"version-history":[{"count":1,"href":"https:\/\/kawsayballoons.com\/en\/wp-json\/wp\/v2\/pages\/367\/revisions"}],"predecessor-version":[{"id":368,"href":"https:\/\/kawsayballoons.com\/en\/wp-json\/wp\/v2\/pages\/367\/revisions\/368"}],"wp:attachment":[{"href":"https:\/\/kawsayballoons.com\/en\/wp-json\/wp\/v2\/media?parent=367"}],"curies":[{"name":"wp","href":"https:\/\/api.w.org\/{rel}","templated":true}]}}