{"id":238,"date":"2020-02-20T21:39:06","date_gmt":"2020-02-20T21:39:06","guid":{"rendered":"http:\/\/kawsayballoons.com\/?page_id=238"},"modified":"2020-05-04T16:41:39","modified_gmt":"2020-05-04T16:41:39","slug":"preguntas-frecuentes","status":"publish","type":"page","link":"https:\/\/kawsayballoons.com\/en\/preguntas-frecuentes\/","title":{"rendered":"FREQUENTLY ASKED QUESTIONS"},"content":{"rendered":"","protected":false},"excerpt":{"rendered":"","protected":false},"author":1,"featured_media":0,"parent":0,"menu_order":0,"comment_status":"closed","ping_status":"closed","template":"","meta":[],"yoast_head":"<!-- This site is optimized with the Yoast SEO plugin v16.6 - https:\/\/yoast.com\/wordpress\/plugins\/seo\/ -->\n<title>Preguntas sobre volar en globo en Ecuador | KawsayBalloons<\/title>\n<meta name=\"description\" content=\"\u00bfEs peligroso volar en globo? \u00bfPuedo volar en globo aerost\u00e1tico si tengo v\u00e9rtigo? \u00bfPueden volar en globo los ni\u00f1os? M\u00e1s preguntas sobre volar en globo aqu\u00ed.\" \/>\n<meta name=\"robots\" content=\"index, follow, max-snippet:-1, max-image-preview:large, max-video-preview:-1\" \/>\n<link rel=\"canonical\" href=\"https:\/\/kawsayballoons.com\/en\/preguntas-frecuentes\/\" \/>\n<meta property=\"og:locale\" content=\"en_US\" \/>\n<meta property=\"og:type\" content=\"article\" \/>\n<meta property=\"og:title\" content=\"Preguntas sobre volar en globo en Ecuador | KawsayBalloons\" \/>\n<meta property=\"og:description\" content=\"\u00bfEs peligroso volar en globo? \u00bfPuedo volar en globo aerost\u00e1tico si tengo v\u00e9rtigo? \u00bfPueden volar en globo los ni\u00f1os? M\u00e1s preguntas sobre volar en globo aqu\u00ed.\" \/>\n<meta property=\"og:url\" content=\"https:\/\/kawsayballoons.com\/en\/preguntas-frecuentes\/\" \/>\n<meta property=\"og:site_name\" content=\"KawsayBalloons\" \/>\n<meta property=\"article:publisher\" content=\"https:\/\/www.facebook.com\/kawsayballoons\" \/>\n<meta property=\"article:modified_time\" content=\"2020-05-04T16:41:39+00:00\" \/>\n<meta name=\"twitter:card\" content=\"summary_large_image\" \/>\n<script type=\"application\/ld+json\" class=\"yoast-schema-graph\">{\"@context\":\"https:\/\/schema.org\",\"@graph\":[{\"@type\":\"Organization\",\"@id\":\"https:\/\/kawsayballoons.com\/#organization\",\"name\":\"Kawsay Balloons\",\"url\":\"https:\/\/kawsayballoons.com\/\",\"sameAs\":[\"https:\/\/www.facebook.com\/kawsayballoons\",\"https:\/\/www.instagram.com\/kawsayballoons\/\",\"https:\/\/www.linkedin.com\/company\/kawsayballoons\/\"],\"logo\":{\"@type\":\"ImageObject\",\"@id\":\"https:\/\/kawsayballoons.com\/#logo\",\"inLanguage\":\"en-US\",\"url\":\"https:\/\/kawsayballoons.com\/wp-content\/uploads\/2020\/02\/Isotipo_KawsayBalloons.png\",\"contentUrl\":\"https:\/\/kawsayballoons.com\/wp-content\/uploads\/2020\/02\/Isotipo_KawsayBalloons.png\",\"width\":180,\"height\":180,\"caption\":\"Kawsay Balloons\"},\"image\":{\"@id\":\"https:\/\/kawsayballoons.com\/#logo\"}},{\"@type\":\"WebSite\",\"@id\":\"https:\/\/kawsayballoons.com\/#website\",\"url\":\"https:\/\/kawsayballoons.com\/\",\"name\":\"KawsayBalloons\",\"description\":\"Vuelos en globo aerost\\u00e1tico en Ecuador\",\"publisher\":{\"@id\":\"https:\/\/kawsayballoons.com\/#organization\"},\"potentialAction\":[{\"@type\":\"SearchAction\",\"target\":{\"@type\":\"EntryPoint\",\"urlTemplate\":\"https:\/\/kawsayballoons.com\/?s={search_term_string}\"},\"query-input\":\"required name=search_term_string\"}],\"inLanguage\":\"en-US\"},{\"@type\":\"WebPage\",\"@id\":\"https:\/\/kawsayballoons.com\/preguntas-frecuentes\/#webpage\",\"url\":\"https:\/\/kawsayballoons.com\/preguntas-frecuentes\/\",\"name\":\"Preguntas sobre volar en globo en Ecuador | KawsayBalloons\",\"isPartOf\":{\"@id\":\"https:\/\/kawsayballoons.com\/#website\"},\"datePublished\":\"2020-02-20T21:39:06+00:00\",\"dateModified\":\"2020-05-04T16:41:39+00:00\",\"description\":\"\\u00bfEs peligroso volar en globo? \\u00bfPuedo volar en globo aerost\\u00e1tico si tengo v\\u00e9rtigo? \\u00bfPueden volar en globo los ni\\u00f1os? M\\u00e1s preguntas sobre volar en globo aqu\\u00ed.\",\"breadcrumb\":{\"@id\":\"https:\/\/kawsayballoons.com\/preguntas-frecuentes\/#breadcrumb\"},\"inLanguage\":\"en-US\",\"potentialAction\":[{\"@type\":\"ReadAction\",\"target\":[\"https:\/\/kawsayballoons.com\/preguntas-frecuentes\/\"]}]},{\"@type\":\"BreadcrumbList\",\"@id\":\"https:\/\/kawsayballoons.com\/preguntas-frecuentes\/#breadcrumb\",\"itemListElement\":[{\"@type\":\"ListItem\",\"position\":1,\"name\":\"Portada\",\"item\":\"https:\/\/kawsayballoons.com\/\"},{\"@type\":\"ListItem\",\"position\":2,\"name\":\"PREGUNTAS FRECUENTES\"}]}]}<\/script>\n<!-- \/ Yoast SEO plugin. -->","_links":{"self":[{"href":"https:\/\/kawsayballoons.com\/en\/wp-json\/wp\/v2\/pages\/238"}],"collection":[{"href":"https:\/\/kawsayballoons.com\/en\/wp-json\/wp\/v2\/pages"}],"about":[{"href":"https:\/\/kawsayballoons.com\/en\/wp-json\/wp\/v2\/types\/page"}],"author":[{"embeddable":true,"href":"https:\/\/kawsayballoons.com\/en\/wp-json\/wp\/v2\/users\/1"}],"replies":[{"embeddable":true,"href":"https:\/\/kawsayballoons.com\/en\/wp-json\/wp\/v2\/comments?post=238"}],"version-history":[{"count":1,"href":"https:\/\/kawsayballoons.com\/en\/wp-json\/wp\/v2\/pages\/238\/revisions"}],"predecessor-version":[{"id":239,"href":"https:\/\/kawsayballoons.com\/en\/wp-json\/wp\/v2\/pages\/238\/revisions\/239"}],"wp:attachment":[{"href":"https:\/\/kawsayballoons.com\/en\/wp-json\/wp\/v2\/media?parent=238"}],"curies":[{"name":"wp","href":"https:\/\/api.w.org\/{rel}","templated":true}]}}